{"id":166,"date":"2019-10-16T12:21:37","date_gmt":"2019-10-16T12:21:37","guid":{"rendered":"https:\/\/bridge267.qodeinteractive.com\/?page_id=166"},"modified":"2023-04-27T00:23:09","modified_gmt":"2023-04-27T00:23:09","slug":"sobre-mim","status":"publish","type":"page","link":"https:\/\/franciscalouroceramics.com\/en\/sobre-mim\/","title":{"rendered":"Sobre Mim"},"content":{"rendered":"<div data-elementor-type=\"wp-page\" data-elementor-id=\"166\" class=\"elementor elementor-166\">\n\t\t\t\t\t\t<section class=\"elementor-section elementor-top-section elementor-element elementor-element-ef4a451 elementor-section-full_width elementor-section-content-top qode_elementor_container_inner elementor-section-height-default elementor-section-height-default parallax_section_no\" data-id=\"ef4a451\" data-element_type=\"section\" data-e-type=\"section\" data-settings=\"{&quot;background_background&quot;:&quot;classic&quot;}\">\n\t\t\t\t\t\t\t<div class=\"elementor-background-overlay\"><\/div>\n\t\t\t\t\t\t\t<div class=\"elementor-container elementor-column-gap-default\">\n\t\t\t\t\t<div class=\"elementor-column elementor-col-50 elementor-top-column elementor-element elementor-element-1751356\" data-id=\"1751356\" data-element_type=\"column\" data-e-type=\"column\" data-settings=\"{&quot;background_background&quot;:&quot;classic&quot;}\">\n\t\t\t<div class=\"elementor-widget-wrap elementor-element-populated\">\n\t\t\t\t\t<div class=\"elementor-background-overlay\"><\/div>\n\t\t\t\t\t\t<div class=\"elementor-element elementor-element-98e900a elementor-widget__width-inherit elementor-widget elementor-widget-bridge_custom_font\" data-id=\"98e900a\" data-element_type=\"widget\" data-e-type=\"widget\" data-widget_type=\"bridge_custom_font.default\">\n\t\t\t\t<div class=\"elementor-widget-container\">\n\t\t\t\t\t<div class=\"custom_font_holder\" style=\"font-family: Lato; font-style: italic; font-weight: 800; color: #2B2727; text-decoration: none; text-align: left; --qode-cf-font-size: 40px; --qode-cf-line-height: 26px; --qode-cf-font-size-1440: 40px; --qode-cf-line-height-1440: 26px; --qode-cf-font-size-1366: 40px; --qode-cf-line-height-1366: 26px; --qode-cf-font-size-1280: 40px; --qode-cf-line-height-1280: 26px; --qode-cf-font-size-1024: 40px; --qode-cf-line-height-1024: 26px; --qode-cf-font-size-768: 40px; --qode-cf-line-height-768: 26px; --qode-cf-font-size-680: 40px; --qode-cf-line-height-680: 26px; --qode-cf-font-size-480: 40px; --qode-cf-line-height-480: 26px;\">Francisca Louro<\/div>\t\t\t\t<\/div>\n\t\t\t\t<\/div>\n\t\t\t\t<div class=\"elementor-element elementor-element-28b2ff1 elementor-widget__width-initial elementor-widget elementor-widget-bridge_custom_font\" data-id=\"28b2ff1\" data-element_type=\"widget\" data-e-type=\"widget\" data-widget_type=\"bridge_custom_font.default\">\n\t\t\t\t<div class=\"elementor-widget-container\">\n\t\t\t\t\t<div class=\"custom_font_holder\" style=\"font-family: Poppins; font-style: italic; font-weight: 400; color: #000000; text-decoration: none; text-align: left; --qode-cf-font-size: 19px; --qode-cf-line-height: 25px; --qode-cf-font-size-1440: 19px; --qode-cf-line-height-1440: 25px; --qode-cf-font-size-1366: 19px; --qode-cf-line-height-1366: 25px; --qode-cf-font-size-1280: 19px; --qode-cf-line-height-1280: 25px; --qode-cf-font-size-1024: 19px; --qode-cf-line-height-1024: 25px; --qode-cf-font-size-768: 19px; --qode-cf-line-height-768: 25px; --qode-cf-font-size-680: 19px; --qode-cf-line-height-680: 25px; --qode-cf-font-size-480: 19px; --qode-cf-line-height-480: 25px;\">Francisca Louro, 26 years old, ceramist. <br>\n <br>\nSince I was a child, I have always felt a desire to create using my hands, crafts, flower arrangements, etc.<br>\n<br>However, it was only later in my life, in 2020, that I realized that my professional path would involve pursuing a career in the arts. <br>\n<br>I realized that it was the engine of my life, it was also when I suspended my studies in Psychology and enrolled in several workshops at Atelier Caulino in Lisbon, later on in the Ceramics course at AR.Co - center for art and visual communication in Almada , where during these last three years I have been learning the techniques I use, and creating the pieces that you can see here.<br>\n<br>All the pieces I show you were made by me, created and idealized. <br>\n<br>\nAnd that's how ceramics became my passion.\n <br><\/div>\t\t\t\t<\/div>\n\t\t\t\t<\/div>\n\t\t\t\t<div class=\"elementor-element elementor-element-093872c elementor-widget elementor-widget-text-editor\" data-id=\"093872c\" data-element_type=\"widget\" data-e-type=\"widget\" data-widget_type=\"text-editor.default\">\n\t\t\t\t<div class=\"elementor-widget-container\">\n\t\t\t\t\t\t\t\t\t<h2><i><b>E-mail<\/b><\/i><\/h2>\t\t\t\t\t\t\t\t<\/div>\n\t\t\t\t<\/div>\n\t\t\t\t<div class=\"elementor-element elementor-element-37ae738 elementor-widget elementor-widget-bridge_custom_font\" data-id=\"37ae738\" data-element_type=\"widget\" data-e-type=\"widget\" data-widget_type=\"bridge_custom_font.default\">\n\t\t\t\t<div class=\"elementor-widget-container\">\n\t\t\t\t\t<div class=\"custom_font_holder\" style=\"font-family: Lato; font-style: italic; font-weight: 400; color: #050505; text-decoration: none; text-align: left; --qode-cf-font-size: 20px; --qode-cf-line-height: 26px; --qode-cf-font-size-1440: 20px; --qode-cf-line-height-1440: 26px; --qode-cf-font-size-1366: 20px; --qode-cf-line-height-1366: 26px; --qode-cf-font-size-1280: 20px; --qode-cf-line-height-1280: 26px; --qode-cf-font-size-1024: 20px; --qode-cf-line-height-1024: 26px; --qode-cf-font-size-768: 20px; --qode-cf-line-height-768: 26px; --qode-cf-font-size-680: 20px; --qode-cf-line-height-680: 26px; --qode-cf-font-size-480: 20px; --qode-cf-line-height-480: 26px;\">franciscalouroceramics@gmail.com<\/div>\t\t\t\t<\/div>\n\t\t\t\t<\/div>\n\t\t\t\t<div class=\"elementor-element elementor-element-7acdfcf elementor-widget elementor-widget-text-editor\" data-id=\"7acdfcf\" data-element_type=\"widget\" data-e-type=\"widget\" data-widget_type=\"text-editor.default\">\n\t\t\t\t<div class=\"elementor-widget-container\">\n\t\t\t\t\t\t\t\t\t<h2><i><b>Contact<\/b><\/i><\/h2>\t\t\t\t\t\t\t\t<\/div>\n\t\t\t\t<\/div>\n\t\t\t\t<div class=\"elementor-element elementor-element-a19462a elementor-widget elementor-widget-bridge_custom_font\" data-id=\"a19462a\" data-element_type=\"widget\" data-e-type=\"widget\" data-widget_type=\"bridge_custom_font.default\">\n\t\t\t\t<div class=\"elementor-widget-container\">\n\t\t\t\t\t<div class=\"custom_font_holder\" style=\"font-family: Lato; font-style: italic; font-weight: 400; color: #000000; text-decoration: none; text-align: left; --qode-cf-font-size: 20px; --qode-cf-line-height: 26px; --qode-cf-font-size-1440: 20px; --qode-cf-line-height-1440: 26px; --qode-cf-font-size-1366: 20px; --qode-cf-line-height-1366: 26px; --qode-cf-font-size-1280: 20px; --qode-cf-line-height-1280: 26px; --qode-cf-font-size-1024: 20px; --qode-cf-line-height-1024: 26px; --qode-cf-font-size-768: 20px; --qode-cf-line-height-768: 26px; --qode-cf-font-size-680: 20px; --qode-cf-line-height-680: 26px; --qode-cf-font-size-480: 20px; --qode-cf-line-height-480: 26px;\">+351 912 139 297<\/div>\t\t\t\t<\/div>\n\t\t\t\t<\/div>\n\t\t\t\t\t<\/div>\n\t\t<\/div>\n\t\t\t\t<div class=\"elementor-column elementor-col-50 elementor-top-column elementor-element elementor-element-84b501d\" data-id=\"84b501d\" data-element_type=\"column\" data-e-type=\"column\">\n\t\t\t<div class=\"elementor-widget-wrap\">\n\t\t\t\t\t\t\t<\/div>\n\t\t<\/div>\n\t\t\t\t\t<\/div>\n\t\t<\/section>\n\t\t\t\t<\/div>","protected":false},"excerpt":{"rendered":"<p>Francisca Louro Francisca Louro, 26 anos, ceramista. Desde crian\u00e7a que sempre senti uma vontade de criar usando as minhas m\u00e3os, trabalhos manuais, arranjos florais, etc. No entanto s\u00f3 mais tarde na minha vida, em 2020, percebi que o meu caminho profissional envolveria seguir uma carreira&#8230;<\/p>","protected":false},"author":1,"featured_media":0,"parent":0,"menu_order":0,"comment_status":"closed","ping_status":"closed","template":"","meta":{"content-type":"","footnotes":""},"class_list":["post-166","page","type-page","status-publish","hentry"],"_links":{"self":[{"href":"https:\/\/franciscalouroceramics.com\/en\/wp-json\/wp\/v2\/pages\/166","targetHints":{"allow":["GET"]}}],"collection":[{"href":"https:\/\/franciscalouroceramics.com\/en\/wp-json\/wp\/v2\/pages"}],"about":[{"href":"https:\/\/franciscalouroceramics.com\/en\/wp-json\/wp\/v2\/types\/page"}],"author":[{"embeddable":true,"href":"https:\/\/franciscalouroceramics.com\/en\/wp-json\/wp\/v2\/users\/1"}],"replies":[{"embeddable":true,"href":"https:\/\/franciscalouroceramics.com\/en\/wp-json\/wp\/v2\/comments?post=166"}],"version-history":[{"count":88,"href":"https:\/\/franciscalouroceramics.com\/en\/wp-json\/wp\/v2\/pages\/166\/revisions"}],"predecessor-version":[{"id":706,"href":"https:\/\/franciscalouroceramics.com\/en\/wp-json\/wp\/v2\/pages\/166\/revisions\/706"}],"wp:attachment":[{"href":"https:\/\/franciscalouroceramics.com\/en\/wp-json\/wp\/v2\/media?parent=166"}],"curies":[{"name":"wp","href":"https:\/\/api.w.org\/{rel}","templated":true}]}}