{"id":3,"date":"2023-01-14T19:54:25","date_gmt":"2023-01-14T19:54:25","guid":{"rendered":"https:\/\/franciscalouroceramics.com\/?page_id=3"},"modified":"2023-04-05T23:43:43","modified_gmt":"2023-04-05T23:43:43","slug":"politica-de-privacidade","status":"publish","type":"page","link":"https:\/\/franciscalouroceramics.com\/en\/politica-de-privacidade\/","title":{"rendered":"Pol\u00edtica de Privacidade e Cookies"},"content":{"rendered":"\n<h2 class=\"wp-block-heading\"><strong>Pol\u00edtica de Privacidade e Cookies<\/strong><\/h2>\n\n\n\n<p>De acordo com os dados pessoais da Pol\u00edtica geral de prote\u00e7\u00e3o de dados (RGPD) da UE, \u00e9 definido como:<br><em>\u201cQualquer informa\u00e7\u00e3o relativa a uma pessoa singular identificada ou identific\u00e1vel (titular da informa\u00e7\u00e3o)\u201d; uma pessoa singular identific\u00e1vel \u00e9 aquela que pode ser identificado, directa ou indirectamente, em particular por refer\u00eancia a um identificador, como um nome, um n\u00famero de identifica\u00e7\u00e3o, dados de localiza\u00e7\u00e3o, um identificador on-line ou a um ou mais factores espec\u00edficos do f\u00edsico, fisiol\u00f3gico, identidade gen\u00e9tica, mental, econ\u00f3mica, cultural ou social dessa pessoa natural \u201c.<\/em><\/p>\n\n\n\n<div class=\"wp-block-qi-blocks-spacer qodef-block-container qodef-block-566ac6f8\"><div class=\"qi-block-spacer qodef-block qodef-m\"><\/div><\/div>\n\n\n\n<p class=\"has-medium-font-size\"><strong>Dados pessoais<\/strong><\/p>\n\n\n\n<p><strong>Como utilizamos a sua informa\u00e7\u00e3o<\/strong><\/p>\n\n\n\n<p>Este aviso de privacidade informa de uma forma geral como Franciscalouroceramic&#8217;s, recolhe e usa os seus dados pessoais, sendo que, sempre que exista recolha dos mesmos, informaremos acerca da finalidade e do tratamento que ser\u00e1 dado.<\/p>\n\n\n\n<div class=\"wp-block-qi-blocks-spacer qodef-block-container qodef-block-e7b667ce\"><div class=\"qi-block-spacer qodef-block qodef-m\"><\/div><\/div>\n\n\n\n<p><strong>Por que \u00e9 que Franciscalouroceramic&#8217;s precisa de recolher e armazenar dados pessoais ?<\/strong><\/p>\n\n\n\n<p>Para que lhe possamos fornecer um servi\u00e7o de vendas, necessitamos de recolher dados pessoais com a \u00fanica finalidade poder prestar esse servi\u00e7o. Em qualquer caso, Franciscalouroceramic&#8217;s est\u00e1 empenhada em garantir que a informa\u00e7\u00e3o que recolhemos e utilizamos, seja apropriada para essa finalidade e n\u00e3o constitua uma invas\u00e3o da sua privacidade. Relativamente a ser contactado para fins de marketing, Franciscalouroceramic&#8217;s n\u00e3o entrar\u00e1 em contacto consigo para estes fins, mas apenas para quest\u00f5es relacionadas com as vendas ou pedidos de infroma\u00e7\u00e3o sobre produtos.<\/p>\n\n\n\n<div class=\"wp-block-qi-blocks-spacer qodef-block-container qodef-block-6b3f95dc\"><div class=\"qi-block-spacer qodef-block qodef-m\"><\/div><\/div>\n\n\n\n<p><strong>Franciscalouroceramic&#8217;s partilhar\u00e1 os seus dados pessoais com algu\u00e9m ?<\/strong><\/p>\n\n\n\n<p>Franciscalouroceramic&#8217;s n\u00e3o partilha dados pessoais dos seus clientes com entidades terceiras, excepto no que toca a servi\u00e7o de entregas de encomendas.<\/p>\n\n\n\n<div class=\"wp-block-qi-blocks-spacer qodef-block-container qodef-block-f0f7f4ee\"><div class=\"qi-block-spacer qodef-block qodef-m\"><\/div><\/div>\n\n\n\n<p><strong>Como \u00e9 que eu utilizarei os dados pessoais que vou recolher ?<\/strong><\/p>\n\n\n\n<p>Franciscalouroceramic&#8217;s processar\u00e1 a (recolha, armazenamento e utiliza\u00e7\u00e3o) as informa\u00e7\u00f5es que forem fornecidas de uma forma compat\u00edvel com o Regulamento Geral de Protec\u00e7\u00e3o de Dados (RGPD) da UE. Franciscalouroceramic&#8217;s far\u00e1 tudo o que estiver ao seu alcance\u00a0 para manter as suas informa\u00e7\u00f5es precisas e actualizadas e n\u00e3o as vai manter por mais tempo do que \u00e9 necess\u00e1rio. Franciscalouroceramic&#8217;s est\u00e1 obrigada a reter informa\u00e7\u00f5es de acordo com a lei, como informa\u00e7\u00e3o necess\u00e1ria para fins fiscais e auditorias. O tempo durante o qual certos tipos de dados pessoais devem ser mantidos pode tamb\u00e9m ser determinado por requisitos espec\u00edficos do sector empresarial e pr\u00e1ticas acordadas. Os dados pessoais podem ser mantidos al\u00e9m desses per\u00edodos, dependendo das necessidades individuais.<\/p>\n\n\n\n<div class=\"wp-block-qi-blocks-spacer qodef-block-container qodef-block-d50e8802\"><div class=\"qi-block-spacer qodef-block qodef-m\"><\/div><\/div>\n\n\n\n<p><strong>Em que circunst\u00e2ncias Franciscalouroceramic&#8217;s contactar\u00e1 os Clientes?<\/strong><\/p>\n\n\n\n<p>O nosso objectivo n\u00e3o \u00e9 ser intrusivo e comprometemo-nos a n\u00e3o fazer perguntas irrelevantes ou desnecess\u00e1rias. Ser\u00e3o apenas contactos para fins administrativos. Al\u00e9m disso, as informa\u00e7\u00f5es fornecidas ser\u00e3o sujeitas a medidas e procedimentos rigorosos para minimizar o risco de acesso ou divulga\u00e7\u00e3o n\u00e3o autorizados.<\/p>\n\n\n\n<div class=\"wp-block-qi-blocks-spacer qodef-block-container qodef-block-426ba868\"><div class=\"qi-block-spacer qodef-block qodef-m\"><\/div><\/div>\n\n\n\n<p><strong>Posso saber os dados pessoais que a organiza\u00e7\u00e3o mant\u00e9m sobre mim?<\/strong><\/p>\n\n\n\n<p>A seu pedido, Franciscalouroceramic&#8217;s pode confirmar quais as informa\u00e7\u00f5es que temos sobre si e como s\u00e3o processadas. Se Franciscalouroceramic&#8217;s possuir dados pessoais sobre si, pode solicitar informa\u00e7\u00f5es sobre os seus dados pessoais.<\/p>\n\n\n\n<div class=\"wp-block-qi-blocks-spacer qodef-block-container qodef-block-5234431f\"><div class=\"qi-block-spacer qodef-block qodef-m\"><\/div><\/div>\n\n\n\n<p><strong>Quais as formas de identifica\u00e7\u00e3o que precisa de fornecer para aceder a exercer os seus direitos ?<\/strong><\/p>\n\n\n\n<p>Franciscalouroceramic&#8217;s aceita as seguintes formas de identifica\u00e7\u00e3o quando as informa\u00e7\u00f5es sobre os seus dados pessoais s\u00e3o solicitados: [Cart\u00e3o de Cidad\u00e3o, Passaporte, ou Carta de Condu\u00e7\u00e3o]<\/p>\n\n\n\n<div class=\"wp-block-qi-blocks-spacer qodef-block-container qodef-block-660db1ed\"><div class=\"qi-block-spacer qodef-block qodef-m\"><\/div><\/div>\n\n\n\n<p><strong>Detalhes de contacto do Respons\u00e1vel da Prote\u00e7\u00e3o de Dados:<\/strong><\/p>\n\n\n\n<p>Respons\u00e1vel : Francisca Louro<\/p>\n\n\n\n<p>Morada :\u00a0Cascais<\/p>\n\n\n\n<p>E-mail : franciscalouroceramics@gmail.com<\/p>\n\n\n\n<div class=\"wp-block-qi-blocks-spacer qodef-block-container qodef-block-e3fbc229\"><div class=\"qi-block-spacer qodef-block qodef-m\"><\/div><\/div>\n\n\n\n<p><strong>Os nossos Cookies recolhem informa\u00e7\u00e3o pessoal ?<\/strong><\/p>\n\n\n\n<p>Este website utiliza cookies em determinadas \u00e1reas. Os cookies s\u00e3o ficheiros que armazenam informa\u00e7\u00f5es no disco r\u00edgido ou browser do Utilizador. Os nossos cookies n\u00e3o recolhem informa\u00e7\u00e3o pessoal e s\u00f3 poder\u00e3o eventualmente recolher no futuro obtendo o seu consentimento. O Utilizador pode configurar o seu browser para recusar os cookies, por\u00e9m nesse caso, o website ou partes do mesmo podem n\u00e3o funcionar correctamente. Os cookies s\u00e3o utilizados para monitorizar e analisar a utiliza\u00e7\u00e3o do website,assim como proporcionar a melhor experi\u00eancia de utiliza\u00e7\u00e3o.<\/p>\n\n\n\n<div class=\"wp-block-qi-blocks-spacer qodef-block-container qodef-block-17f98d88\"><div class=\"qi-block-spacer qodef-block qodef-m\"><\/div><\/div>\n\n\n\n<p><\/p>\n","protected":false},"excerpt":{"rendered":"<p>Pol\u00edtica de Privacidade e Cookies De acordo com os dados pessoais da Pol\u00edtica geral de prote\u00e7\u00e3o de dados (RGPD) da UE, \u00e9 definido como:\u201cQualquer informa\u00e7\u00e3o relativa a uma pessoa singular identificada ou identific\u00e1vel (titular da informa\u00e7\u00e3o)\u201d; uma pessoa singular identific\u00e1vel \u00e9 aquela que pode ser&#8230;<\/p>","protected":false},"author":1,"featured_media":0,"parent":0,"menu_order":0,"comment_status":"closed","ping_status":"closed","template":"","meta":{"content-type":"","footnotes":""},"class_list":["post-3","page","type-page","status-publish","hentry"],"_links":{"self":[{"href":"https:\/\/franciscalouroceramics.com\/en\/wp-json\/wp\/v2\/pages\/3","targetHints":{"allow":["GET"]}}],"collection":[{"href":"https:\/\/franciscalouroceramics.com\/en\/wp-json\/wp\/v2\/pages"}],"about":[{"href":"https:\/\/franciscalouroceramics.com\/en\/wp-json\/wp\/v2\/types\/page"}],"author":[{"embeddable":true,"href":"https:\/\/franciscalouroceramics.com\/en\/wp-json\/wp\/v2\/users\/1"}],"replies":[{"embeddable":true,"href":"https:\/\/franciscalouroceramics.com\/en\/wp-json\/wp\/v2\/comments?post=3"}],"version-history":[{"count":7,"href":"https:\/\/franciscalouroceramics.com\/en\/wp-json\/wp\/v2\/pages\/3\/revisions"}],"predecessor-version":[{"id":623,"href":"https:\/\/franciscalouroceramics.com\/en\/wp-json\/wp\/v2\/pages\/3\/revisions\/623"}],"wp:attachment":[{"href":"https:\/\/franciscalouroceramics.com\/en\/wp-json\/wp\/v2\/media?parent=3"}],"curies":[{"name":"wp","href":"https:\/\/api.w.org\/{rel}","templated":true}]}}